{"id":2178,"date":"2021-05-09T00:46:36","date_gmt":"2021-05-09T03:46:36","guid":{"rendered":"https:\/\/www.siteconfiavel.com.br\/?page_id=2178"},"modified":"2021-05-30T20:27:27","modified_gmt":"2021-05-30T23:27:27","slug":"confiavel","status":"publish","type":"page","link":"https:\/\/www.siteconfiavel.com.br\/blog\/confiavel\/","title":{"rendered":"Confi\u00e1vel | Significado, Dicion\u00e1rio, Palavra e Sin\u00f4nimos"},"content":{"rendered":"<h4>con\u00b7fi\u00b7\u00e1\u00b7vel<\/h4>\n<p><em>adjetivo singular masculino e feminino<\/em><\/p>\n<p>Diz-se do objeto, pessoa ou sistema que se pode confiar.<br \/>\n<em>\u00a0<\/em><\/p>\n<ol>\n<li style=\"list-style-type: none;\">\n<ol>\n<li>em que se pode confiar; digno de confian\u00e7a; seguro, honesto, leal, sincero, leal&#8230;<\/li>\n<li>sobre cuja seguran\u00e7a, resist\u00eancia, firmeza, precis\u00e3o etc., pode-se estar tranquilo (diz-se de objeto, aparelho, m\u00e9todo etc.).<\/li>\n<\/ol>\n<\/li>\n<\/ol>\n<p>&nbsp;<\/p>\n<p>Exemplos de senten\u00e7as com o termo &#8220;confi\u00e1vel&#8221;.<\/p>\n<blockquote><p>Esse site \u00e9 confi\u00e1vel?<\/p><\/blockquote>\n<blockquote><p>Aquela loja \u00e9 confi\u00e1vel para comprar?<\/p><\/blockquote>\n<blockquote><p>Essa fonte \u00e9 confi\u00e1vel.<\/p><\/blockquote>\n<h4>Informa\u00e7\u00f5es complementares sobre a palavra &#8220;confi\u00e1vel&#8221;:<\/h4>\n<p>Do Latim CONFIDENTIA, \u201cconfian\u00e7a\u201d, de CONFIDERE, \u201cacreditar plenamente, com firmeza\u201d, formada por COM, intensificativo, mais FIDERE, \u201cacreditar, crer\u201d, que deriva de FIDES, \u201cf\u00e9\u201d.<\/p>\n<p><strong>Sin\u00f4nimos:<\/strong><\/p>\n<p>Seguro, exato, fi\u00e1vel, fidedigno, garantido, genu\u00edno, insuspeito, puro, v\u00e1lido, honesto, aut\u00eantico, fiel e etc.<\/p>\n<p><strong>Ant\u00f4nimos:<\/strong><\/p>\n<p>Duvidoso, inconfi\u00e1vel, suspeito, discut\u00edvel, question\u00e1vel, incerto, desleal e etc.<\/p>\n<p><strong>Etimologia:<\/strong><\/p>\n<p>der derivado, deriva\u00e7\u00e3o de confiar+\u00e1vel, como esp.<\/p>\n<p>&nbsp;<\/p>\n<p><img loading=\"lazy\" decoding=\"async\" class=\"aligncenter wp-image-2186\" title=\"Confi\u00e1vel\" src=\"https:\/\/www.siteconfiavel.com.br\/blog\/wp-content\/uploads\/2021\/05\/Confia\u0301vel-300x169.png\" alt=\"Confi\u00e1vel\" width=\"599\" height=\"338\" srcset=\"https:\/\/www.siteconfiavel.com.br\/blog\/wp-content\/uploads\/2021\/05\/Confia\u0301vel-300x169.png 300w, https:\/\/www.siteconfiavel.com.br\/blog\/wp-content\/uploads\/2021\/05\/Confia\u0301vel-1024x576.png 1024w, https:\/\/www.siteconfiavel.com.br\/blog\/wp-content\/uploads\/2021\/05\/Confia\u0301vel-768x432.png 768w, https:\/\/www.siteconfiavel.com.br\/blog\/wp-content\/uploads\/2021\/05\/Confia\u0301vel.png 1280w\" sizes=\"(max-width: 599px) 100vw, 599px\" \/><\/p>\n","protected":false},"excerpt":{"rendered":"<p>con\u00b7fi\u00b7\u00e1\u00b7vel adjetivo singular masculino e feminino Diz-se do objeto, pessoa ou sistema que se pode confiar. \u00a0 em que se pode confiar; digno de confian\u00e7a; seguro, honesto, leal, sincero, leal&#8230; sobre cuja seguran\u00e7a, resist\u00eancia, firmeza, precis\u00e3o etc., pode-se estar tranquilo (diz-se de objeto, aparelho, m\u00e9todo etc.). &nbsp; Exemplos de senten\u00e7as com o termo &#8220;confi\u00e1vel&#8221;. Esse [&hellip;]<\/p>\n","protected":false},"author":1,"featured_media":0,"parent":0,"menu_order":0,"comment_status":"closed","ping_status":"closed","template":"","meta":{"footnotes":""},"yoast_head":"<!-- This site is optimized with the Yoast SEO plugin v16.4 - https:\/\/yoast.com\/wordpress\/plugins\/seo\/ -->\n<title>Confi\u00e1vel. Significado, dicion\u00e1rio, sin\u00f4nimos e origem | Site Confi\u00e1vel<\/title>\n<meta name=\"description\" content=\"Confi\u00e1vel. Tudo sobre a palavra como no dicion\u00e1rio. Significado, sin\u00f4nimos, ant\u00f4nimos, origem da palavra e curiosidades complementares.\" \/>\n<meta name=\"robots\" content=\"index, follow, max-snippet:-1, max-image-preview:large, max-video-preview:-1\" \/>\n<link rel=\"canonical\" href=\"https:\/\/www.siteconfiavel.com.br\/blog\/confiavel\/\" \/>\n<meta property=\"og:locale\" content=\"pt_BR\" \/>\n<meta property=\"og:type\" content=\"article\" \/>\n<meta property=\"og:title\" content=\"Confi\u00e1vel. Significado, dicion\u00e1rio, sin\u00f4nimos e origem | Site Confi\u00e1vel\" \/>\n<meta property=\"og:description\" content=\"Confi\u00e1vel. Tudo sobre a palavra como no dicion\u00e1rio. Significado, sin\u00f4nimos, ant\u00f4nimos, origem da palavra e curiosidades complementares.\" \/>\n<meta property=\"og:url\" content=\"https:\/\/www.siteconfiavel.com.br\/blog\/confiavel\/\" \/>\n<meta property=\"og:site_name\" content=\"Site Confi\u00e1vel | News\" \/>\n<meta property=\"article:publisher\" content=\"https:\/\/www.facebook.com\/Site-Confi%c3%a1vel-597838266898748\" \/>\n<meta property=\"article:modified_time\" content=\"2021-05-30T23:27:27+00:00\" \/>\n<meta property=\"og:image\" content=\"https:\/\/www.siteconfiavel.com.br\/blog\/wp-content\/uploads\/2021\/05\/Confia\u0301vel-300x169.png\" \/>\n<meta name=\"twitter:card\" content=\"summary_large_image\" \/>\n<meta name=\"twitter:site\" content=\"@siteconfiavel\" \/>\n<meta name=\"twitter:label1\" content=\"Est. tempo de leitura\" \/>\n\t<meta name=\"twitter:data1\" content=\"1 minuto\" \/>\n<!-- \/ Yoast SEO plugin. -->","amp_enabled":true,"_links":{"self":[{"href":"https:\/\/www.siteconfiavel.com.br\/blog\/wp-json\/wp\/v2\/pages\/2178"}],"collection":[{"href":"https:\/\/www.siteconfiavel.com.br\/blog\/wp-json\/wp\/v2\/pages"}],"about":[{"href":"https:\/\/www.siteconfiavel.com.br\/blog\/wp-json\/wp\/v2\/types\/page"}],"author":[{"embeddable":true,"href":"https:\/\/www.siteconfiavel.com.br\/blog\/wp-json\/wp\/v2\/users\/1"}],"replies":[{"embeddable":true,"href":"https:\/\/www.siteconfiavel.com.br\/blog\/wp-json\/wp\/v2\/comments?post=2178"}],"version-history":[{"count":12,"href":"https:\/\/www.siteconfiavel.com.br\/blog\/wp-json\/wp\/v2\/pages\/2178\/revisions"}],"predecessor-version":[{"id":2266,"href":"https:\/\/www.siteconfiavel.com.br\/blog\/wp-json\/wp\/v2\/pages\/2178\/revisions\/2266"}],"wp:attachment":[{"href":"https:\/\/www.siteconfiavel.com.br\/blog\/wp-json\/wp\/v2\/media?parent=2178"}],"curies":[{"name":"wp","href":"https:\/\/api.w.org\/{rel}","templated":true}]}}